{"id":6856,"date":"2020-11-06T13:42:22","date_gmt":"2020-11-06T10:42:22","guid":{"rendered":"https:\/\/rockdrillsparepartsmanufacturers.com\/tr\/?post_type=product&#038;p=6856"},"modified":"2021-09-13T11:31:07","modified_gmt":"2021-09-13T08:31:07","slug":"hortum-tutucu-bar-takimi","status":"publish","type":"product","link":"https:\/\/rockdrillsparepartsmanufacturers.com\/tr\/e-commerce\/hortum-tutucu-bar-takimi\/","title":{"rendered":"Hortum Tutucu Bar Tak\u0131m\u0131"},"content":{"rendered":"","protected":false},"excerpt":{"rendered":"<p>Delkom No : 120 400 280<br \/>\nEpiroc No : 3125 1997 80<\/p>\n","protected":false},"featured_media":58972,"template":"","meta":[],"product_brand":[],"product_cat":[1770,1769],"product_tag":[1876,1886,1888,1907],"class_list":{"0":"post-6856","1":"product","2":"type-product","3":"status-publish","4":"has-post-thumbnail","6":"product_cat-epiroc","7":"product_cat-makina-yedek-parcalari","8":"product_tag-epiroc-boomer-282","9":"product_tag-epiroc-boomer-352","10":"product_tag-epiroc-boomer-s1d","11":"product_tag-rocket-boomer-m2d","12":"product_shipping_class-1-2-hafta","14":"first","15":"instock","16":"shipping-taxable","17":"purchasable","18":"product-type-simple"},"yoast_head":"<!-- This site is optimized with the Yoast SEO plugin v27.3 - https:\/\/yoast.com\/product\/yoast-seo-wordpress\/ -->\n<title>Hortum Tutucu Bar Tak\u0131m\u0131 EPIROC, Makina Yedek Par\u00e7alar\u0131<\/title>\n<meta name=\"description\" content=\"Delkom No : 120 400 280 Epiroc No : 3125 1997 80\" \/>\n<meta name=\"robots\" content=\"index, follow, max-snippet:-1, max-image-preview:large, max-video-preview:-1\" \/>\n<link rel=\"canonical\" href=\"https:\/\/rockdrillsparepartsmanufacturers.com\/tr\/e-commerce\/hortum-tutucu-bar-takimi\/\" \/>\n<meta property=\"og:locale\" content=\"tr_TR\" \/>\n<meta property=\"og:type\" content=\"article\" \/>\n<meta property=\"og:title\" content=\"Hortum Tutucu Bar Tak\u0131m\u0131 EPIROC, Makina Yedek Par\u00e7alar\u0131\" \/>\n<meta property=\"og:description\" content=\"Delkom No : 120 400 280 Epiroc No : 3125 1997 80\" \/>\n<meta property=\"og:url\" content=\"https:\/\/rockdrillsparepartsmanufacturers.com\/tr\/e-commerce\/hortum-tutucu-bar-takimi\/\" \/>\n<meta property=\"og:site_name\" content=\"Delici Makina Yedek Par\u00e7a \u00dcreticisi\" \/>\n<meta property=\"article:modified_time\" content=\"2021-09-13T08:31:07+00:00\" \/>\n<meta property=\"og:image\" content=\"https:\/\/rockdrillsparepartsmanufacturers.com\/tr\/wp-content\/uploads\/sites\/14\/2021\/09\/IMG_1784.png\" \/>\n\t<meta property=\"og:image:width\" content=\"600\" \/>\n\t<meta property=\"og:image:height\" content=\"400\" \/>\n\t<meta property=\"og:image:type\" content=\"image\/png\" \/>\n<meta name=\"twitter:card\" content=\"summary_large_image\" \/>\n<script type=\"application\/ld+json\" class=\"yoast-schema-graph\">{\"@context\":\"https:\\\/\\\/schema.org\",\"@graph\":[{\"@type\":\"WebPage\",\"@id\":\"https:\\\/\\\/rockdrillsparepartsmanufacturers.com\\\/tr\\\/e-commerce\\\/hortum-tutucu-bar-takimi\\\/\",\"url\":\"https:\\\/\\\/rockdrillsparepartsmanufacturers.com\\\/tr\\\/e-commerce\\\/hortum-tutucu-bar-takimi\\\/\",\"name\":\"Hortum Tutucu Bar Tak\u0131m\u0131 EPIROC, Makina Yedek Par\u00e7alar\u0131\",\"isPartOf\":{\"@id\":\"https:\\\/\\\/rockdrillsparepartsmanufacturers.com\\\/tr\\\/#website\"},\"primaryImageOfPage\":{\"@id\":\"https:\\\/\\\/rockdrillsparepartsmanufacturers.com\\\/tr\\\/e-commerce\\\/hortum-tutucu-bar-takimi\\\/#primaryimage\"},\"image\":{\"@id\":\"https:\\\/\\\/rockdrillsparepartsmanufacturers.com\\\/tr\\\/e-commerce\\\/hortum-tutucu-bar-takimi\\\/#primaryimage\"},\"thumbnailUrl\":\"https:\\\/\\\/rockdrillsparepartsmanufacturers.com\\\/tr\\\/wp-content\\\/uploads\\\/sites\\\/14\\\/2021\\\/09\\\/IMG_1784.png\",\"datePublished\":\"2020-11-06T10:42:22+00:00\",\"dateModified\":\"2021-09-13T08:31:07+00:00\",\"description\":\"Delkom No : 120 400 280 Epiroc No : 3125 1997 80\",\"breadcrumb\":{\"@id\":\"https:\\\/\\\/rockdrillsparepartsmanufacturers.com\\\/tr\\\/e-commerce\\\/hortum-tutucu-bar-takimi\\\/#breadcrumb\"},\"inLanguage\":\"tr\",\"potentialAction\":[{\"@type\":\"ReadAction\",\"target\":[\"https:\\\/\\\/rockdrillsparepartsmanufacturers.com\\\/tr\\\/e-commerce\\\/hortum-tutucu-bar-takimi\\\/\"]}]},{\"@type\":\"ImageObject\",\"inLanguage\":\"tr\",\"@id\":\"https:\\\/\\\/rockdrillsparepartsmanufacturers.com\\\/tr\\\/e-commerce\\\/hortum-tutucu-bar-takimi\\\/#primaryimage\",\"url\":\"https:\\\/\\\/rockdrillsparepartsmanufacturers.com\\\/tr\\\/wp-content\\\/uploads\\\/sites\\\/14\\\/2021\\\/09\\\/IMG_1784.png\",\"contentUrl\":\"https:\\\/\\\/rockdrillsparepartsmanufacturers.com\\\/tr\\\/wp-content\\\/uploads\\\/sites\\\/14\\\/2021\\\/09\\\/IMG_1784.png\",\"width\":600,\"height\":400},{\"@type\":\"BreadcrumbList\",\"@id\":\"https:\\\/\\\/rockdrillsparepartsmanufacturers.com\\\/tr\\\/e-commerce\\\/hortum-tutucu-bar-takimi\\\/#breadcrumb\",\"itemListElement\":[{\"@type\":\"ListItem\",\"position\":1,\"name\":\"Ana Sayfa\",\"item\":\"https:\\\/\\\/rockdrillsparepartsmanufacturers.com\\\/tr\\\/\"},{\"@type\":\"ListItem\",\"position\":2,\"name\":\"E-Ticaret\",\"item\":\"https:\\\/\\\/rockdrillsparepartsmanufacturers.com\\\/tr\\\/e-commerce\\\/\"},{\"@type\":\"ListItem\",\"position\":3,\"name\":\"Hortum Tutucu Bar Tak\u0131m\u0131\"}]},{\"@type\":\"WebSite\",\"@id\":\"https:\\\/\\\/rockdrillsparepartsmanufacturers.com\\\/tr\\\/#website\",\"url\":\"https:\\\/\\\/rockdrillsparepartsmanufacturers.com\\\/tr\\\/\",\"name\":\"Delici Makina Yedek Par\u00e7a \u00dcreticisi\",\"description\":\"D\u00fcnyan\u0131n en kaliteli \u00fcretici firmas\u0131\",\"publisher\":{\"@id\":\"https:\\\/\\\/rockdrillsparepartsmanufacturers.com\\\/tr\\\/#organization\"},\"potentialAction\":[{\"@type\":\"SearchAction\",\"target\":{\"@type\":\"EntryPoint\",\"urlTemplate\":\"https:\\\/\\\/rockdrillsparepartsmanufacturers.com\\\/tr\\\/?s={search_term_string}\"},\"query-input\":{\"@type\":\"PropertyValueSpecification\",\"valueRequired\":true,\"valueName\":\"search_term_string\"}}],\"inLanguage\":\"tr\"},{\"@type\":\"Organization\",\"@id\":\"https:\\\/\\\/rockdrillsparepartsmanufacturers.com\\\/tr\\\/#organization\",\"name\":\"Delkom Rock Drill\",\"url\":\"https:\\\/\\\/rockdrillsparepartsmanufacturers.com\\\/tr\\\/\",\"logo\":{\"@type\":\"ImageObject\",\"inLanguage\":\"tr\",\"@id\":\"https:\\\/\\\/rockdrillsparepartsmanufacturers.com\\\/tr\\\/#\\\/schema\\\/logo\\\/image\\\/\",\"url\":\"https:\\\/\\\/rockdrillsparepartsmanufacturers.com\\\/tr\\\/wp-content\\\/uploads\\\/sites\\\/14\\\/2021\\\/06\\\/logo-white-1.png\",\"contentUrl\":\"https:\\\/\\\/rockdrillsparepartsmanufacturers.com\\\/tr\\\/wp-content\\\/uploads\\\/sites\\\/14\\\/2021\\\/06\\\/logo-white-1.png\",\"width\":300,\"height\":74,\"caption\":\"Delkom Rock Drill\"},\"image\":{\"@id\":\"https:\\\/\\\/rockdrillsparepartsmanufacturers.com\\\/tr\\\/#\\\/schema\\\/logo\\\/image\\\/\"}}]}<\/script>\n<!-- \/ Yoast SEO plugin. -->","yoast_head_json":{"title":"Hortum Tutucu Bar Tak\u0131m\u0131 EPIROC, Makina Yedek Par\u00e7alar\u0131","description":"Delkom No : 120 400 280 Epiroc No : 3125 1997 80","robots":{"index":"index","follow":"follow","max-snippet":"max-snippet:-1","max-image-preview":"max-image-preview:large","max-video-preview":"max-video-preview:-1"},"canonical":"https:\/\/rockdrillsparepartsmanufacturers.com\/tr\/e-commerce\/hortum-tutucu-bar-takimi\/","og_locale":"tr_TR","og_type":"article","og_title":"Hortum Tutucu Bar Tak\u0131m\u0131 EPIROC, Makina Yedek Par\u00e7alar\u0131","og_description":"Delkom No : 120 400 280 Epiroc No : 3125 1997 80","og_url":"https:\/\/rockdrillsparepartsmanufacturers.com\/tr\/e-commerce\/hortum-tutucu-bar-takimi\/","og_site_name":"Delici Makina Yedek Par\u00e7a \u00dcreticisi","article_modified_time":"2021-09-13T08:31:07+00:00","og_image":[{"width":600,"height":400,"url":"https:\/\/rockdrillsparepartsmanufacturers.com\/tr\/wp-content\/uploads\/sites\/14\/2021\/09\/IMG_1784.png","type":"image\/png"}],"twitter_card":"summary_large_image","schema":{"@context":"https:\/\/schema.org","@graph":[{"@type":"WebPage","@id":"https:\/\/rockdrillsparepartsmanufacturers.com\/tr\/e-commerce\/hortum-tutucu-bar-takimi\/","url":"https:\/\/rockdrillsparepartsmanufacturers.com\/tr\/e-commerce\/hortum-tutucu-bar-takimi\/","name":"Hortum Tutucu Bar Tak\u0131m\u0131 EPIROC, Makina Yedek Par\u00e7alar\u0131","isPartOf":{"@id":"https:\/\/rockdrillsparepartsmanufacturers.com\/tr\/#website"},"primaryImageOfPage":{"@id":"https:\/\/rockdrillsparepartsmanufacturers.com\/tr\/e-commerce\/hortum-tutucu-bar-takimi\/#primaryimage"},"image":{"@id":"https:\/\/rockdrillsparepartsmanufacturers.com\/tr\/e-commerce\/hortum-tutucu-bar-takimi\/#primaryimage"},"thumbnailUrl":"https:\/\/rockdrillsparepartsmanufacturers.com\/tr\/wp-content\/uploads\/sites\/14\/2021\/09\/IMG_1784.png","datePublished":"2020-11-06T10:42:22+00:00","dateModified":"2021-09-13T08:31:07+00:00","description":"Delkom No : 120 400 280 Epiroc No : 3125 1997 80","breadcrumb":{"@id":"https:\/\/rockdrillsparepartsmanufacturers.com\/tr\/e-commerce\/hortum-tutucu-bar-takimi\/#breadcrumb"},"inLanguage":"tr","potentialAction":[{"@type":"ReadAction","target":["https:\/\/rockdrillsparepartsmanufacturers.com\/tr\/e-commerce\/hortum-tutucu-bar-takimi\/"]}]},{"@type":"ImageObject","inLanguage":"tr","@id":"https:\/\/rockdrillsparepartsmanufacturers.com\/tr\/e-commerce\/hortum-tutucu-bar-takimi\/#primaryimage","url":"https:\/\/rockdrillsparepartsmanufacturers.com\/tr\/wp-content\/uploads\/sites\/14\/2021\/09\/IMG_1784.png","contentUrl":"https:\/\/rockdrillsparepartsmanufacturers.com\/tr\/wp-content\/uploads\/sites\/14\/2021\/09\/IMG_1784.png","width":600,"height":400},{"@type":"BreadcrumbList","@id":"https:\/\/rockdrillsparepartsmanufacturers.com\/tr\/e-commerce\/hortum-tutucu-bar-takimi\/#breadcrumb","itemListElement":[{"@type":"ListItem","position":1,"name":"Ana Sayfa","item":"https:\/\/rockdrillsparepartsmanufacturers.com\/tr\/"},{"@type":"ListItem","position":2,"name":"E-Ticaret","item":"https:\/\/rockdrillsparepartsmanufacturers.com\/tr\/e-commerce\/"},{"@type":"ListItem","position":3,"name":"Hortum Tutucu Bar Tak\u0131m\u0131"}]},{"@type":"WebSite","@id":"https:\/\/rockdrillsparepartsmanufacturers.com\/tr\/#website","url":"https:\/\/rockdrillsparepartsmanufacturers.com\/tr\/","name":"Delici Makina Yedek Par\u00e7a \u00dcreticisi","description":"D\u00fcnyan\u0131n en kaliteli \u00fcretici firmas\u0131","publisher":{"@id":"https:\/\/rockdrillsparepartsmanufacturers.com\/tr\/#organization"},"potentialAction":[{"@type":"SearchAction","target":{"@type":"EntryPoint","urlTemplate":"https:\/\/rockdrillsparepartsmanufacturers.com\/tr\/?s={search_term_string}"},"query-input":{"@type":"PropertyValueSpecification","valueRequired":true,"valueName":"search_term_string"}}],"inLanguage":"tr"},{"@type":"Organization","@id":"https:\/\/rockdrillsparepartsmanufacturers.com\/tr\/#organization","name":"Delkom Rock Drill","url":"https:\/\/rockdrillsparepartsmanufacturers.com\/tr\/","logo":{"@type":"ImageObject","inLanguage":"tr","@id":"https:\/\/rockdrillsparepartsmanufacturers.com\/tr\/#\/schema\/logo\/image\/","url":"https:\/\/rockdrillsparepartsmanufacturers.com\/tr\/wp-content\/uploads\/sites\/14\/2021\/06\/logo-white-1.png","contentUrl":"https:\/\/rockdrillsparepartsmanufacturers.com\/tr\/wp-content\/uploads\/sites\/14\/2021\/06\/logo-white-1.png","width":300,"height":74,"caption":"Delkom Rock Drill"},"image":{"@id":"https:\/\/rockdrillsparepartsmanufacturers.com\/tr\/#\/schema\/logo\/image\/"}}]}},"acf":[],"_links":{"self":[{"href":"https:\/\/rockdrillsparepartsmanufacturers.com\/tr\/wp-json\/wp\/v2\/product\/6856","targetHints":{"allow":["GET"]}}],"collection":[{"href":"https:\/\/rockdrillsparepartsmanufacturers.com\/tr\/wp-json\/wp\/v2\/product"}],"about":[{"href":"https:\/\/rockdrillsparepartsmanufacturers.com\/tr\/wp-json\/wp\/v2\/types\/product"}],"wp:featuredmedia":[{"embeddable":true,"href":"https:\/\/rockdrillsparepartsmanufacturers.com\/tr\/wp-json\/wp\/v2\/media\/58972"}],"wp:attachment":[{"href":"https:\/\/rockdrillsparepartsmanufacturers.com\/tr\/wp-json\/wp\/v2\/media?parent=6856"}],"wp:term":[{"taxonomy":"product_brand","embeddable":true,"href":"https:\/\/rockdrillsparepartsmanufacturers.com\/tr\/wp-json\/wp\/v2\/product_brand?post=6856"},{"taxonomy":"product_cat","embeddable":true,"href":"https:\/\/rockdrillsparepartsmanufacturers.com\/tr\/wp-json\/wp\/v2\/product_cat?post=6856"},{"taxonomy":"product_tag","embeddable":true,"href":"https:\/\/rockdrillsparepartsmanufacturers.com\/tr\/wp-json\/wp\/v2\/product_tag?post=6856"}],"curies":[{"name":"wp","href":"https:\/\/api.w.org\/{rel}","templated":true}]}}